{"id":202,"date":"2021-02-11T10:56:35","date_gmt":"2021-02-11T10:56:35","guid":{"rendered":"http:\/\/www.sardiniesrdcem.cz\/?page_id=202"},"modified":"2022-04-13T18:45:50","modified_gmt":"2022-04-13T18:45:50","slug":"jake-je-vybaveni-domku","status":"publish","type":"page","link":"https:\/\/www.sardiniesrdcem.cz\/index.php\/jake-je-vybaveni-domku\/","title":{"rendered":"Jak\u00e9 je vybaven\u00ed domku?"},"content":{"rendered":"\n<p><\/p>\n\n\n\n<p><strong>Domek je postaven\u00fd v devades\u00e1t\u00fdch letech jako letn\u00ed s\u00eddlo italsk\u00fdch vlastn\u00edk\u016f. Obsahuje celkem t\u0159i podla\u017e\u00ed\u2026suter\u00e9n, kde je jedna velk\u00e1 m\u00edstnost, je za\u0159\u00edzen sp\u00ed\u0161e v \u201ed\u011btsk\u00e9m\u201c stylu a nab\u00edz\u00ed celkem 4 l\u016f\u017eka. P\u0159\u00edzem\u00ed, kter\u00e9 je stejn\u011b jako patro klimatizov\u00e1no, nab\u00edz\u00ed ob\u00fdvac\u00ed pokoj s men\u0161\u00ed kuchyn\u00ed a soci\u00e1ln\u00edm z\u00e1zem\u00edm. V pat\u0159e jsou potom dva samostatn\u00e9 pokoje po dvou l\u016f\u017ek\u00e1ch, takt\u00e9\u017e vybaven\u00e9 klimatizac\u00ed, op\u011bt kompletn\u00ed soci\u00e1ln\u00ed z\u00e1zem\u00ed a balkon nad terasou.<\/strong> <strong>P\u0159ed domem se nach\u00e1z\u00ed potom terasa o velikosti 18m2 se stolem a \u017eidlemi, v\u010detn\u011b slune\u010dn\u00edku. Parkovat je mo\u017en\u00e9 na vyhrazen\u00e9m parkovac\u00edm m\u00edst\u011b pro n\u00e1\u0161 d\u016fm, nebo na ulici, naproti domu.<\/strong> <strong>Nav\u0161tivte pros\u00edm na\u0161i <a href=\"https:\/\/www.sardiniesrdcem.cz\/index.php\/galerie\/\" data-type=\"URL\" data-id=\"https:\/\/www.sardiniesrdcem.cz\/index.php\/galerie\/\">fotogalerii<\/a>, kde jsou fota nejen z okol\u00ed, ale i z interi\u00e9ru domku.<\/strong><\/p>\n\n\n\n<p>V na\u0161em domku &#8211; ubytov\u00e1n\u00ed na Sardinii ve vesnici La Ciaccia je n\u00e1sleduj\u00edc\u00ed vybaven\u00ed:<\/p>\n\n\n\n<ul><li>osm l\u016f\u017eek ke span\u00ed (v\u010detn\u011b prost\u011bradel, povle\u010den\u00ed a ru\u010dn\u00edk\u016f)<\/li><li>4x \u017eidle u kuchy\u0148sk\u00e9ho stolu, 8x na terase<\/li><li>kompletn\u011b vybaven\u00e1 kuchyn\u011b s n\u00e1dob\u00edm<\/li><li>lednice s mraz\u00e1kem<\/li><li><strong>k\u00e1vovar<\/strong><\/li><li>rychlovarn\u00e1 konvice<\/li><li>toustova\u010d<\/li><li>my\u010dka n\u00e1dob\u00ed (60cm)<\/li><li>pra\u010dka v\u010detn\u011b prac\u00edch prost\u0159edk\u016f<\/li><li>2x toaleta<\/li><li>2x sprchov\u00fd kout<\/li><li>2x bidet<\/li><li>venkovn\u00ed terasa p\u0159\u00edzem\u00ed<\/li><li>velk\u00fd slune\u010dn\u00edk<\/li><li>2x stan proti slunci na pl\u00e1\u017e<\/li><li><strong>plaveck\u00e9 pom\u016fcky pro d\u011bti<\/strong><\/li><li><strong>klimatizace v horn\u00edch m\u00edstnostech<\/strong> <strong>a p\u0159\u00edzem\u00ed<\/strong><\/li><li>audiosestava s mo\u017enost\u00ed p\u0159ehr\u00e1v\u00e1n\u00ed z telefonu<\/li><li><strong>velk\u00e9 mno\u017estv\u00ed her a z\u00e1bavy pro d\u011bti a sport<\/strong><\/li><li>p\u0159ipojen\u00ed k internetu s <strong>wifi<\/strong><\/li><li>podrobn\u00e9 mapy Sardinie v dom\u011b i aut\u011b<\/li><li>velk\u00fd elektrick\u00fd gril<\/li><li>venkovn\u00ed posezen\u00ed, 8 \u017eidl\u00ed, slune\u010dn\u00edk<\/li><li>houpac\u00ed s\u00ed\u0165<\/li><li>houpa\u010dka pro d\u011bti v pokoji<\/li><li>\u010dern\u00fd pes M\u00e1\u0161a, nekou\u0161e, uli\u010dn\u00ed sm\u011bs, p\u0159\u00edtuln\u00e1<\/li><li>telefon s p\u0159\u00edmou linkou na Poseidona<\/li><\/ul>\n\n\n\n<p><\/p>\n","protected":false},"excerpt":{"rendered":"<p>Domek je postaven\u00fd v devades\u00e1t\u00fdch letech jako letn\u00ed s\u00eddlo italsk\u00fdch vlastn\u00edk\u016f. Obsahuje celkem t\u0159i podla\u017e\u00ed\u2026suter\u00e9n, kde je jedna velk\u00e1 m\u00edstnost, je za\u0159\u00edzen sp\u00ed\u0161e v \u201ed\u011btsk\u00e9m\u201c stylu a nab\u00edz\u00ed celkem 4 l\u016f\u017eka. P\u0159\u00edzem\u00ed, kter\u00e9 je stejn\u011b jako patro klimatizov\u00e1no, nab\u00edz\u00ed ob\u00fdvac\u00ed pokoj s men\u0161\u00ed kuchyn\u00ed a &hellip; <\/p>\n","protected":false},"author":1,"featured_media":0,"parent":0,"menu_order":0,"comment_status":"closed","ping_status":"closed","template":"","meta":[],"_links":{"self":[{"href":"https:\/\/www.sardiniesrdcem.cz\/index.php\/wp-json\/wp\/v2\/pages\/202"}],"collection":[{"href":"https:\/\/www.sardiniesrdcem.cz\/index.php\/wp-json\/wp\/v2\/pages"}],"about":[{"href":"https:\/\/www.sardiniesrdcem.cz\/index.php\/wp-json\/wp\/v2\/types\/page"}],"author":[{"embeddable":true,"href":"https:\/\/www.sardiniesrdcem.cz\/index.php\/wp-json\/wp\/v2\/users\/1"}],"replies":[{"embeddable":true,"href":"https:\/\/www.sardiniesrdcem.cz\/index.php\/wp-json\/wp\/v2\/comments?post=202"}],"version-history":[{"count":17,"href":"https:\/\/www.sardiniesrdcem.cz\/index.php\/wp-json\/wp\/v2\/pages\/202\/revisions"}],"predecessor-version":[{"id":595,"href":"https:\/\/www.sardiniesrdcem.cz\/index.php\/wp-json\/wp\/v2\/pages\/202\/revisions\/595"}],"wp:attachment":[{"href":"https:\/\/www.sardiniesrdcem.cz\/index.php\/wp-json\/wp\/v2\/media?parent=202"}],"curies":[{"name":"wp","href":"https:\/\/api.w.org\/{rel}","templated":true}]}}