{"id":71,"date":"2021-02-09T21:37:33","date_gmt":"2021-02-09T21:37:33","guid":{"rendered":"http:\/\/www.sardiniesrdcem.cz\/?page_id=71"},"modified":"2021-04-07T09:59:28","modified_gmt":"2021-04-07T09:59:28","slug":"volny-cas","status":"publish","type":"page","link":"https:\/\/www.sardiniesrdcem.cz\/index.php\/volny-cas\/","title":{"rendered":"Voln\u00fd \u010das"},"content":{"rendered":"\n<p><strong>Pro milovn\u00edky proch\u00e1zek a pl\u00e1\u017e\u00ed<\/strong><\/p>\n\n\n\n<p><strong>MARAGNANI<\/strong><\/p>\n\n\n\n<p>Proch\u00e1zkou po p\u00edse\u010dn\u00e9 pl\u00e1\u017ei sm\u011brem na <strong>Valledorii<\/strong>, se asi po &nbsp;800m nach\u00e1z\u00ed <strong>pl\u00e1\u017e Maragnani<\/strong> s \u00fatvary na skal\u00e1ch lemuj\u00edc\u00ed pl\u00e1\u017e p\u0159ipom\u00ednaj\u00edc\u00ed ob\u0159\u00ed tlapy. V&nbsp;n\u011bkter\u00fdch m\u00edstech se tak\u00e9 objevuje \u010dern\u00fd p\u00edsek a zelen\u00e9 kameny.<\/p>\n\n\n\n<p>Najdete zde tak\u00e9 \u00fatuln\u00e9 z\u00e1kout\u00ed p\u00edse\u010dn\u00e9 pl\u00e1\u017ee se skaln\u00edm v\u00fdb\u011b\u017ekem, kter\u00fd dod\u00e1v\u00e1 m\u00edstu na malebnosti. V&nbsp;tuto chv\u00edli asi do srpna je nutn\u00e9 na za\u010d\u00e1tek p\u00edse\u010dn\u00e9 pl\u00e1\u017ee proj\u00edt p\u0159es vesnici, proto\u017ee na pob\u0159e\u017e\u00ed v&nbsp;r\u016fzn\u00fdch \u010d\u00e1stech vesnice prob\u00edh\u00e1 v\u00fdstavba schodi\u0161\u0165 a p\u0159\u00edstup\u016f k&nbsp;mo\u0159i.<\/p>\n\n\n\n<p><strong>SAN PIETRO A MARE<\/strong><\/p>\n\n\n\n<p>Pokud budete pokra\u010dovat&nbsp; po pl\u00e1\u017ei d\u00e1le na Valledorii, po asi 2Km dojdete k&nbsp;m\u00edstu nazvan\u00e9mu<strong> San Pietro a mare<\/strong>. Je to m\u00edsto, kde se m\u00edstn\u00ed \u0159eka vl\u00e9v\u00e1 do mo\u0159e. \u0158eka zde vytv\u00e1\u0159\u00ed z\u00e1to\u010diny a m\u011blk\u00e1 jez\u00edrka, co\u017e ur\u010dit\u011b ocen\u00ed d\u011bti a ti, kdo maj\u00ed r\u00e1di p\u0159\u00edjemn\u011b proh\u0159\u00e1tou vodu. Na jedn\u00e9 z&nbsp;vodn\u00edch ploch je mo\u017en\u00e9 zap\u016fj\u010dit si \u0161lapadla, lo\u010fky, kajaky a projet se po klidn\u00fdch vod\u00e1ch \u0159eky. K&nbsp;t\u00e9to p\u016fj\u010dovn\u011b se bohu\u017eel dostanete pouze ze strany od Valledorie \u2013 nach\u00e1z\u00ed se na opa\u010dn\u00e9m b\u0159ehu \u0159eky. P\u011b\u0161ky se k&nbsp;n\u00ed dostanete obejit\u00edm kempu, autem pak sta\u010d\u00ed na hlavn\u00ed silnici odbo\u010dit a\u017e n\u00e1sleduj\u00edc\u00ed odbo\u010dku za odbo\u010dkou na San Pietro a mare. P\u016fj\u010dovana organizuje tak\u00e9 sj\u00ed\u017ed\u011bn\u00ed \u0159eky na kajac\u00edch. P\u016fj\u010dovn\u00e9 se pohybuje okolo 10 Eur na hodinu.<\/p>\n\n\n\n<p><strong>BAIA OSTINA<\/strong><\/p>\n\n\n\n<p>Vydat se tak\u00e9 m\u016f\u017eete na druhou<strong>od La Ciaccia<\/strong>sm\u011brem na Castelsardo. Hlavn\u00ed cesta vedouc\u00ed vesnic\u00ed postupn\u011b pokra\u010duje sm\u011brem na \u00fatesy s&nbsp;v\u00fdhledem na nedalek\u00e9 Castelsardo nad mo\u0159em.&nbsp; Kr\u00e1snou vych\u00e1zkou po cest\u011b mezi pob\u0159e\u017e\u00edm a kopcem ty\u010d\u00edc\u00edm se nad La Ciacciou dojdete asi po 3 kilometrech do <strong>z\u00e1to\u010diny<\/strong>, kter\u00e1 se jmenuje <strong>Baia Ostina<\/strong>. Je to opravdu kouzeln\u00e1 vych\u00e1zka, kterou by jste nem\u011bli vynechat. 1,5 km p\u016fjdete po vcelku oby\u010dejn\u00e9 cest\u011b mezi pastvinami, kter\u00e1 je do konce srpna uzav\u0159ena. Tak 20m p\u0159ed z\u00e1tarasem ale najdete naprosto nen\u00e1padnou cesti\u010dku k&nbsp;obejit\u00ed sm\u011brem k&nbsp;mo\u0159i. Projdete p\u00e1r metr\u016f strnisko a u mo\u0159e se dostanete na vy\u0161lapanou cesti\u010dku, kter\u00e1 obch\u00e1z\u00ed plot ohrani\u010duj\u00edc\u00ed pr\u00e1ce na cest\u011b. Zde pak za\u010d\u00edn\u00e1 ta prav\u00e1 vych\u00e1zka s&nbsp;kouzeln\u00fdmi v\u00fdhledy, n\u00e1dhernou p\u0159\u00edrodou a z\u00e1\u0159iv\u011b pr\u016fzra\u010dn\u00fdm azurov\u00fdm mo\u0159em.<\/p>\n\n\n\n<p><strong>CASTELSARDO<\/strong><\/p>\n\n\n\n<p>Po dal\u0161\u00edch asi 2 km od Baia Ostiny (tedy asi &nbsp;5 Km od Va\u0161eho ubytov\u00e1n\u00ed na Sardinii) se nach\u00e1z\u00ed kouzeln\u00e9 historick\u00e9 m\u011bste\u010dko &nbsp;<strong>Castelsardo<\/strong>. N\u00e1v\u0161t\u011bva tohoto m\u011bste\u010dka m\u016f\u017ee b\u00fdt i <strong>v\u00fdletem na cel\u00fd den<\/strong>. Najdete zde pevnost, muzeum, antickou v\u011b\u017e, &nbsp;p\u0159ekr\u00e1sn\u00e9 kostely, nes\u010detn\u00e9 kamenn\u00e9 uli\u010dky, hradby s&nbsp;p\u0159ekr\u00e1sn\u00fdmi v\u00fdhledy, k\u00e1v\u00e1rny, restaurace, obch\u016fdky. N\u00e1dhern\u00e9 nen\u00ed jen centrum m\u011bste\u010dka, ale tak\u00e9 neopakovateln\u00fd park pod hradbami.<\/p>\n\n\n\n<p><strong>LA MUDIZZA<\/strong><\/p>\n\n\n\n<p>Sm\u011brem od mo\u0159e dojdete poklidnou cestou \/ asi&nbsp; 1km\/ do vesni\u010dky <strong>La Mudizza<\/strong>. Zde se nach\u00e1z\u00ed na okraji vesnice vina\u0159stv\u00ed uprost\u0159ed vinic, kter\u00e9 po\u0159\u00e1d\u00e1 pro n\u00e1v\u0161t\u011bvn\u00edky ochutn\u00e1vky nejen m\u00edstn\u00edch v\u00edn, ale i specialit jako jsou s\u00fdry, masa atd. Lze jej naj\u00edt podle ukazatel\u016f Agroturismo. Na st\u0159edu vesnice je pak moc p\u011bkn\u00fd kostel\u00ed\u010dek.<\/p>\n\n\n\n<p><strong>MONTE OSSONI<\/strong><\/p>\n\n\n\n<p>Kopec ty\u010d\u00edc\u00ed se <strong>nad La Ciaccou<\/strong>, kter\u00fd je dominantou v\u00fdhledu ze zahrady apartm\u00e1nu je tak\u00e9 dobr\u00fdm n\u00e1m\u011btem na v\u00fdlet. Odm\u011bnou za v\u00fd\u0161lap jsou kr\u00e1sn\u00e9 v\u00fdhledy na cel\u00fd <strong>Asinarsk\u00fd z\u00e1liv<\/strong> a okol\u00ed. V\u00fdstup na kopec je mo\u017en\u00fd ze strany odvr\u00e1cen\u00e9 od mo\u0159e, je tedy zapot\u0159eb\u00ed jej obej\u00edt. Cesta na vrchol je tedy del\u0161\u00ed ne\u017e by se zd\u00e1lo. U vesnice Mudizza kousek od cedule agroturismo je nen\u00e1padn\u00e1 cesti\u010dka na vrchol kopce. Vych\u00e1zka na horu je z\u00e1le\u017eitost\u00ed asi na 3 hodiny.<\/p>\n\n\n\n<p><strong>PL\u00c1\u017dE<\/strong><\/p>\n\n\n\n<p>Pokud jste milovn\u00edci pl\u00e1\u017e\u00ed tak nev\u00e1hejte a p\u011b\u0161ky se vydejte pod\u00e9l pob\u0159e\u017e\u00ed <strong>od La Ciaccia sm\u011brem na Porto Torres<\/strong>, naraz\u00edte na nespo\u010det kr\u00e1sn\u00fdch p\u00edse\u010dn\u00fdch pl\u00e1\u017ei\u010dek i v\u011bt\u0161\u00edch pl\u00e1\u017e\u00ed. <strong>Opa\u010dn\u00fdm sm\u011brem \u2013 na Santa Teresa<\/strong> se potom t\u00e1hne dlouh\u00e1 p\u00edse\u010dn\u00e1 pl\u00e1\u017e a od jej\u00edho konce pak za\u010d\u00edn\u00e1 pob\u0159e\u017e\u00ed protkan\u00e9 mnoh\u00fdmi \u00fatesy, kr\u00e1sn\u00fdmi skaln\u00edmi \u00fatvary a skryt\u00fdmi p\u00edse\u010dn\u00fdmi i obl\u00e1zkov\u00fdmi pl\u00e1\u017eemi obzvl\u00e1\u0161\u0165 vhodn\u00fdmi k&nbsp;pot\u00e1p\u011bn\u00ed.<\/p>\n\n\n\n<p>Z&nbsp;nejbli\u017e\u0161\u00edch pl\u00e1\u017e\u00ed doporu\u010dujeme &nbsp;jednozna\u010dn\u011b <strong>pl\u00e1\u017ee San Pietro a mare u Valledorie<\/strong>, pl\u00e1\u017ee le\u017e\u00edc\u00ed pod Badesi (severn\u00ed \u010d\u00e1st dlouh\u00e9 p\u00edse\u010dn\u00e9 pl\u00e1\u017ee) Li Mindi a Li Junghi, malebnou baia Ostinuskr.<\/p>\n\n\n\n<p>V<strong>zd\u00e1len\u011bj\u0161\u00ed kr\u00e1sy Sardinie m\u016f\u017eete objet autem, kter\u00e9 budete m\u00edt po celou dobu Va\u0161\u00ed dovolen\u00e9 k\u00a0dispozici.<\/strong><\/p>\n\n\n\n<p><\/p>\n\n\n\n<p><strong>Pot\u00e1p\u011bn\u00ed<\/strong><\/p>\n\n\n\n<p>&nbsp;Severn\u00ed pob\u0159e\u017e\u00ed svoji strukturou zaru\u010duje kvalitn\u00ed a nezapomenuteln\u00e9 pot\u00e1p\u011b\u010dsk\u00e9 z\u00e1\u017eitky. Nejzn\u00e1m\u011bj\u0161\u00edm pot\u00e1p\u011b\u010dsk\u00fdm centrem je <strong>Castelsardo<\/strong>, kter\u00e9 se nach\u00e1z\u00ed v severn\u00ed \u010d\u00e1sti ostrova, p\u0159ibli\u017en\u011b 6km od na\u0161\u00ed vesnice. Mnoho pot\u00e1p\u011b\u010dsk\u00fdch \u0161kol na Sardinii, nab\u00edz\u00ed skv\u011bl\u00e9 z\u00e1\u017eitky a zap\u016fj\u010den\u00ed kompletn\u00edho vybaven\u00ed. Sardinie je vyhl\u00e1\u0161en\u00e1 svou nedot\u010denou p\u0159\u00edrodou a velmi kvalitn\u00edmi z\u00e1\u017eitky z pot\u00e1p\u011bn\u00ed. V mo\u0159i, \u017eije spoustu \u00fachvatn\u00fdch \u017eivo\u010dich\u016f, kter\u00e9 stoj\u00ed za to vid\u011bt na vlastn\u00ed o\u010di.<\/p>\n\n\n\n<p><\/p>\n\n\n\n<p><strong>Windsurfing<\/strong><br><\/p>\n\n\n\n<p>&nbsp;Sardinie je jako stvo\u0159en\u00e1 pro vodn\u00ed sporty a placht\u011bn\u00ed a windsurfing se styly n\u00e1rodn\u00edmi sporty. Zvl\u00e1\u0161t\u011b okolo <strong>Sassari<\/strong> je situov\u00e1no mno\u017estv\u00ed z\u00e1tok je\u017e vyb\u00edzej\u00ed ke kvalitn\u00edmu windsurfingu. Jeliko\u017e na Sardinii m\u016f\u017eete plachtit i na podzim a na ja\u0159e je ide\u00e1ln\u00edm m\u00edstem d\u00edky Mistralu (severn\u00ed v\u00edtr), pr\u00e1v\u011b v toto obdob\u00ed sem p\u0159ij\u00ed\u017ed\u011bj\u00ed nad\u0161enci vychutnat si obrovsk\u00e9 vlny a kvalitn\u00ed placht\u011bn\u00ed.<\/p>\n\n\n\n<p><\/p>\n\n\n\n<p><strong>Horolezectv\u00ed, Para\u0161utismus s Treking<\/strong><br><\/p>\n\n\n\n<p>\u00a0Zvl\u00e1\u0161t\u011b na Severn\u00ed Sardinii nalezneme bl\u00edzko sebe mnoho \u0159\u00ed\u010dek, les\u016f, hor, skalnat\u00fdch p\u0159evis\u016f a \u00fachvatn\u00e9 skaln\u00ed \u00fatesy, je\u017e p\u0159\u00edmo vyb\u00edzej\u00ed k horolezectv\u00ed a trekingu. Z v\u00fd\u0161e polo\u017een\u00fdch m\u00edst jako jsou t\u0159eba nap\u0159\u00edklad: <strong>La Ciaccia<\/strong>, Monte Ossoni, Monte Ruiu. Zde nalezneme nejkr\u00e1sn\u011bj\u0161\u00ed panoramata, ze kter\u00fdch lze pozorovat p\u0159ekr\u00e1snou Korsiku Tak\u00e9 p\u0159\u00edrodn\u00ed p\u0159edpoklady jsou \u00fachvatn\u00e9 na Sardinii nalezneme rostliny jako nikde na sv\u011bt\u011b. Horolezectv\u00ed na Sardinii nen\u00ed zalo\u017eeno na dosa\u017een\u00ed nejvy\u0161\u0161\u00edch vrchol\u016f, v\u017edy\u0165 i nejvy\u0161\u0161\u00ed hora Sardiniie (Punta La Marmara m\u011b\u0159\u00ed ,,jen\u201c 1834 m) a to v horolezeck\u00fdch pom\u011brech nen\u00ed moc, horolezectv\u00ed je tedy zalo\u017eeno na po\u017eitku z rozlehl\u00fdch panoramat, je\u017e jsou p\u0159i pohledu na tuto kouzelnou zemi nezapomenuteln\u00fdm z\u00e1\u017eitkem. Sardinie m\u00e1 v sou\u010dasn\u00e9 dob\u011b v\u00edce ne\u017e 3000 horsk\u00fdch cest a v sou\u010dasn\u00e9 dob\u011b pat\u0159\u00ed k nejobl\u00edben\u011bj\u0161\u00edm st\u00e1t\u016fm nav\u0161t\u011bvovan\u00fdch milovn\u00edky horolezectv\u00ed.<\/p>\n\n\n\n<p><\/p>\n\n\n\n<p><strong>Jezdectv\u00ed<\/strong><\/p>\n\n\n\n<p><br>&nbsp;Jezdeck\u00e1 tradice a v\u00e1\u0161e\u0148 pro jezdectv\u00ed jsou ji\u017e od star\u00fdch v\u011bk\u016f jednou z nejobl\u00edben\u011bj\u0161\u00edch aktivit na ostrov\u011b. Na n\u011bkter\u00fdch m\u00edstech ostrova st\u00e1le \u017eij\u00ed pastevci divok\u00fdch kon\u00edch. Velmi \u010dasto jsou po\u0159\u00e1dan\u00e9 jezdeck\u00e9 sout\u011b\u017ee, kter\u00e9 jsou na ostrov\u011b v\u00fdznamnou ud\u00e1lost\u00ed. Na ostrov\u011b je ve m\u011bst\u011b Palio v Sien\u011b zn\u00e1m\u00fd jezdeck\u00fd klub, z n\u011bho\u017e vze\u0161el nejlep\u0161\u00ed jezdec na sv\u011bt\u011b FrenkieDettori. Jezdeck\u00e9 show na Sardinii b\u00fdvaj\u00ed pln\u00e9 \u0161armu a nap\u011bt\u00ed. Na Sardinii funguje mnoho jezdeck\u00fdch \u0161kol, kter\u00e9 nab\u00edzej\u00ed kursy pro za\u010d\u00e1te\u010dn\u00edky, ale i pro pokro\u010dil\u00e9 jezdce. Krom\u011b kurs\u016f jsou zde nab\u00edzeny proch\u00e1zky se zku\u0161en\u00fdm instruktorem po t\u0159pytiv\u00fdch pob\u0159e\u017e\u00edch, lu\u010din\u00e1ch s n\u00e1dhernou atmosf\u00e9rou a p\u0159\u00edrodou.<\/p>\n\n\n\n<p><\/p>\n\n\n\n<p><strong><br>Golf<\/strong><br><br>&nbsp;Jak je zn\u00e1mo golf je jedn\u00edm z elitn\u00edch sport\u016f a st\u00e1le se v\u00edce roz\u0161i\u0159uje. Golf se stal tak\u00e9 velmi popul\u00e1rn\u00edm na Sardinii. Je zde praktikov\u00e1n pod \u0161ir\u00fdm nebem v bl\u00edzk\u00e9m kontaktu s p\u0159\u00edrodou, golf povzn\u00e1\u0161\u00ed kvalitu zdej\u0161\u00edch sportovn\u00edch aktivit, nenaru\u0161en\u00e1 p\u0159\u00edroda, m\u00edrn\u00e9 podneb\u00ed a rozlehl\u00e9 \u00fazem\u00ed je kvalitn\u00ed pro praktikov\u00e1n\u00ed tohoto sportu. Mezi nejv\u00fdznamn\u011bj\u0161\u00edmi golfov\u00fdmi kluby stoj\u00ed za zm\u00ednku golfov\u00fd klub Pevero v Porto Cervu kter\u00fd je d\u00edky sv\u00e9 podob\u011b, kterou vytvo\u0159il architekt Robert Trent Jones, pova\u017eov\u00e1n za mistrovsk\u00e9 d\u00edlo a pat\u0159\u00ed mezi nekr\u00e1sn\u011bj\u0161\u00ed na cel\u00e9m sv\u011bt\u011b.<\/p>\n\n\n\n<p><\/p>\n\n\n\n<p><strong>Sportovn\u00ed ryba\u0159en\u00ed<\/strong><br><br>&nbsp;Ryba\u0159en\u00ed v\u017edy pat\u0159ilo mezi typick\u00e9 aktivity na Sardinii, a\u0165 u\u017e na lodi uprost\u0159ed \u0161ir\u00e9ho mo\u0159e tak na pob\u0159e\u017e\u00ed s prutem v ruce, byl tento ,,sport\u201c v\u017edy pova\u017eov\u00e1n za n\u00e1rodn\u00ed. Je zde nes\u010detn\u00e9 mno\u017estv\u00ed ryb\u00e1\u0159sk\u00fdch klub\u016f kter\u00e9 nab\u00edzej\u00ed kursy pro za\u010d\u00e1te\u010dn\u00edky i pro profesion\u00e1ly a je zde mo\u017enost zap\u016fj\u010dit si kompletn\u00ed vybaven\u00ed. Ryby se daj\u00ed lovit na mo\u0159i, ale tak\u00e9 na jezerech a \u0159\u00ed\u010dk\u00e1ch, ostrov je, co se t\u00fd\u010de ryb velmi bohat\u00fd, tak\u017ee se nemus\u00edte b\u00e1t, \u017ee se V\u00e1m nepo\u0161t\u011bst\u00ed p\u0159i rybolovu n\u011bjakou rybu chytit.<\/p>\n","protected":false},"excerpt":{"rendered":"<p>Pro milovn\u00edky proch\u00e1zek a pl\u00e1\u017e\u00ed MARAGNANI Proch\u00e1zkou po p\u00edse\u010dn\u00e9 pl\u00e1\u017ei sm\u011brem na Valledorii, se asi po &nbsp;800m nach\u00e1z\u00ed pl\u00e1\u017e Maragnani s \u00fatvary na skal\u00e1ch lemuj\u00edc\u00ed pl\u00e1\u017e p\u0159ipom\u00ednaj\u00edc\u00ed ob\u0159\u00ed tlapy. V&nbsp;n\u011bkter\u00fdch m\u00edstech se tak\u00e9 objevuje \u010dern\u00fd p\u00edsek a zelen\u00e9 kameny. Najdete zde tak\u00e9 \u00fatuln\u00e9 z\u00e1kout\u00ed p\u00edse\u010dn\u00e9 &hellip; <\/p>\n","protected":false},"author":1,"featured_media":149,"parent":0,"menu_order":0,"comment_status":"closed","ping_status":"closed","template":"","meta":[],"_links":{"self":[{"href":"https:\/\/www.sardiniesrdcem.cz\/index.php\/wp-json\/wp\/v2\/pages\/71"}],"collection":[{"href":"https:\/\/www.sardiniesrdcem.cz\/index.php\/wp-json\/wp\/v2\/pages"}],"about":[{"href":"https:\/\/www.sardiniesrdcem.cz\/index.php\/wp-json\/wp\/v2\/types\/page"}],"author":[{"embeddable":true,"href":"https:\/\/www.sardiniesrdcem.cz\/index.php\/wp-json\/wp\/v2\/users\/1"}],"replies":[{"embeddable":true,"href":"https:\/\/www.sardiniesrdcem.cz\/index.php\/wp-json\/wp\/v2\/comments?post=71"}],"version-history":[{"count":6,"href":"https:\/\/www.sardiniesrdcem.cz\/index.php\/wp-json\/wp\/v2\/pages\/71\/revisions"}],"predecessor-version":[{"id":360,"href":"https:\/\/www.sardiniesrdcem.cz\/index.php\/wp-json\/wp\/v2\/pages\/71\/revisions\/360"}],"wp:featuredmedia":[{"embeddable":true,"href":"https:\/\/www.sardiniesrdcem.cz\/index.php\/wp-json\/wp\/v2\/media\/149"}],"wp:attachment":[{"href":"https:\/\/www.sardiniesrdcem.cz\/index.php\/wp-json\/wp\/v2\/media?parent=71"}],"curies":[{"name":"wp","href":"https:\/\/api.w.org\/{rel}","templated":true}]}}